
{"id":1282,"date":"2025-06-16T07:59:02","date_gmt":"2025-06-16T07:59:02","guid":{"rendered":"https:\/\/plenitude.kesug.com\/?post_type=product&#038;p=1282"},"modified":"2026-03-06T03:56:35","modified_gmt":"2026-03-06T03:56:35","slug":"calca-estampada","status":"publish","type":"product","link":"https:\/\/useplenitude.com.br\/home\/produto\/calca-estampada\/","title":{"rendered":"Cal\u00e7a preta"},"content":{"rendered":"<h3 data-start=\"175\" data-end=\"219\">Cal\u00e7a de Alfaiataria Preta \u2013 Plenitude<\/h3>\n<p data-start=\"220\" data-end=\"245\"><strong data-start=\"220\" data-end=\"245\">O b\u00e1sico nada b\u00e1sico.<\/strong><\/p>\n<p data-start=\"247\" data-end=\"504\">A Cal\u00e7a de Alfaiataria Preta da Plenitude \u00e9 aquela pe\u00e7a que nunca te deixa na m\u00e3o. Com corte refinado e caimento perfeito, ela veste com leveza e transmite seguran\u00e7a \u2014 seja no escrit\u00f3rio, em um evento formal ou num look casual chic pra arrasar no dia a dia.<\/p>\n<p data-start=\"506\" data-end=\"726\">Feita com tecido encorpado e toque macio, ela combina estrutura com conforto. A cintura \u00e9 m\u00e9dia\/alta (voc\u00ea escolhe na hora de adaptar a descri\u00e7\u00e3o real), com acabamento limpo e fechamento discreto que valoriza a silhueta.<\/p>\n<p data-start=\"728\" data-end=\"742\"><strong data-start=\"728\" data-end=\"742\">Destaques:<\/strong><\/p>\n<ul data-start=\"743\" data-end=\"917\">\n<li data-start=\"743\" data-end=\"776\">\n<p data-start=\"745\" data-end=\"776\">Tecido de alfaiataria premium<\/p>\n<\/li>\n<li data-start=\"777\" data-end=\"818\">\n<p data-start=\"779\" data-end=\"818\">Corte reto\/moderno que alonga a perna<\/p>\n<\/li>\n<li data-start=\"819\" data-end=\"864\">\n<p data-start=\"821\" data-end=\"864\">Cintura estruturada e acabamento elegante<\/p>\n<\/li>\n<li data-start=\"865\" data-end=\"917\">\n<p data-start=\"867\" data-end=\"917\">Versatilidade pra compor looks formais e casuais<\/p>\n<\/li>\n<\/ul>\n<p data-start=\"919\" data-end=\"1056\">Essa cal\u00e7a \u00e9 tipo aquele amigo fiel: t\u00e1 com voc\u00ea em todos os momentos \u2014 e sempre faz bonito.<br data-start=\"1011\" data-end=\"1014\" \/>\ud83d\udda4 <em data-start=\"1017\" data-end=\"1056\">Plenitude \u2013 eleg\u00e2ncia em estado puro.<\/em><\/p>\n","protected":false},"excerpt":{"rendered":"<h3 data-start=\"175\" data-end=\"219\">Cal\u00e7a de Alfaiataria Preta \u2013 Plenitude<\/h3>\n<p data-start=\"220\" data-end=\"245\"><strong data-start=\"220\" data-end=\"245\">O b\u00e1sico nada b\u00e1sico.<\/strong><\/p>\n<p data-start=\"247\" data-end=\"504\">A Cal\u00e7a de Alfaiataria Preta da Plenitude \u00e9 aquela pe\u00e7a que nunca te deixa na m\u00e3o. Com corte refinado e caimento perfeito, ela veste com leveza e transmite seguran\u00e7a \u2014 seja no escrit\u00f3rio, em um evento formal ou num look casual chic pra arrasar no dia a dia.<\/p>\n<p data-start=\"506\" data-end=\"726\">Feita com tecido encorpado e toque macio, ela combina estrutura com conforto. A cintura \u00e9 m\u00e9dia\/alta (voc\u00ea escolhe na hora de adaptar a descri\u00e7\u00e3o real), com acabamento limpo e fechamento discreto que valoriza a silhueta.<\/p>\n<p data-start=\"728\" data-end=\"742\"><strong data-start=\"728\" data-end=\"742\">Destaques:<\/strong><\/p>\n<ul data-start=\"743\" data-end=\"917\">\n<li data-start=\"743\" data-end=\"776\">\n<p data-start=\"745\" data-end=\"776\">Tecido de alfaiataria premium<\/p>\n<\/li>\n<li data-start=\"777\" data-end=\"818\">\n<p data-start=\"779\" data-end=\"818\">Corte reto\/moderno que alonga a perna<\/p>\n<\/li>\n<li data-start=\"819\" data-end=\"864\">\n<p data-start=\"821\" data-end=\"864\">Cintura estruturada e acabamento elegante<\/p>\n<\/li>\n<li data-start=\"865\" data-end=\"917\">\n<p data-start=\"867\" data-end=\"917\">Versatilidade pra compor looks formais e casuais<\/p>\n<\/li>\n<\/ul>\n<p data-start=\"919\" data-end=\"1056\">Essa cal\u00e7a \u00e9 tipo aquele amigo fiel: t\u00e1 com voc\u00ea em todos os momentos \u2014 e sempre faz bonito.<br data-start=\"1011\" data-end=\"1014\" \/>\ud83d\udda4 <em data-start=\"1017\" data-end=\"1056\">Plenitude \u2013 eleg\u00e2ncia em estado puro.<\/em><\/p>\n","protected":false},"featured_media":1706,"comment_status":"open","ping_status":"closed","template":"","meta":[],"product_brand":[],"product_cat":[15,49,50,51,58],"product_tag":[],"class_list":{"0":"post-1282","1":"product","2":"type-product","3":"status-publish","4":"has-post-thumbnail","6":"product_cat-vestidos","7":"product_cat-blazers","8":"product_cat-calcas","9":"product_cat-camisatas","10":"product_cat-saias","12":"first","13":"instock","14":"sale","15":"taxable","16":"shipping-taxable","17":"purchasable","18":"product-type-simple"},"_links":{"self":[{"href":"https:\/\/useplenitude.com.br\/home\/wp-json\/wp\/v2\/product\/1282","targetHints":{"allow":["GET"]}}],"collection":[{"href":"https:\/\/useplenitude.com.br\/home\/wp-json\/wp\/v2\/product"}],"about":[{"href":"https:\/\/useplenitude.com.br\/home\/wp-json\/wp\/v2\/types\/product"}],"replies":[{"embeddable":true,"href":"https:\/\/useplenitude.com.br\/home\/wp-json\/wp\/v2\/comments?post=1282"}],"wp:featuredmedia":[{"embeddable":true,"href":"https:\/\/useplenitude.com.br\/home\/wp-json\/wp\/v2\/media\/1706"}],"wp:attachment":[{"href":"https:\/\/useplenitude.com.br\/home\/wp-json\/wp\/v2\/media?parent=1282"}],"wp:term":[{"taxonomy":"product_brand","embeddable":true,"href":"https:\/\/useplenitude.com.br\/home\/wp-json\/wp\/v2\/product_brand?post=1282"},{"taxonomy":"product_cat","embeddable":true,"href":"https:\/\/useplenitude.com.br\/home\/wp-json\/wp\/v2\/product_cat?post=1282"},{"taxonomy":"product_tag","embeddable":true,"href":"https:\/\/useplenitude.com.br\/home\/wp-json\/wp\/v2\/product_tag?post=1282"}],"curies":[{"name":"wp","href":"https:\/\/api.w.org\/{rel}","templated":true}]}}