
{"id":15,"date":"2024-01-17T04:03:58","date_gmt":"2024-01-17T04:03:58","guid":{"rendered":"https:\/\/lumilux.novaworks.net\/?page_id=15"},"modified":"2025-06-30T13:35:23","modified_gmt":"2025-06-30T13:35:23","slug":"about-us","status":"publish","type":"page","link":"https:\/\/useplenitude.com.br\/home\/about-us\/","title":{"rendered":"Sobre N\u00f3s"},"content":{"rendered":"\t\t<div data-elementor-type=\"wp-page\" data-elementor-id=\"15\" class=\"elementor elementor-15\" data-elementor-post-type=\"page\">\n\t\t\t\t<div data-particle_enable=\"false\" data-particle-mobile-disabled=\"false\" class=\"elementor-element elementor-element-7896525 e-flex e-con-boxed kitify-col-width-auto-no ignore-docs-style-no kitify-disable-relative-no wpr-particle-no wpr-jarallax-no wpr-parallax-no wpr-sticky-section-no e-root-container elementor-top-section e-con e-parent\" data-id=\"7896525\" data-element_type=\"container\" data-e-type=\"container\">\n\t\t\t\t\t<div class=\"e-con-inner\">\n\t\t<div data-particle_enable=\"false\" data-particle-mobile-disabled=\"false\" class=\"elementor-element elementor-element-e7eeae9 e-con-full e-flex kitify-col-width-auto-no ignore-docs-style-no kitify-disable-relative-no wpr-particle-no wpr-jarallax-no wpr-parallax-no wpr-sticky-section-no elementor-invisible kitify-has-entrance-animation e-con e-child\" data-id=\"e7eeae9\" data-element_type=\"container\" data-e-type=\"container\" data-settings=\"{&quot;animation&quot;:&quot;kitifyShortFadeInUp&quot;}\">\n\t\t\t\t<div class=\"elementor-element elementor-element-21a5b57 elementor-widget elementor-widget-image\" data-id=\"21a5b57\" data-element_type=\"widget\" data-e-type=\"widget\" data-widget_type=\"image.default\">\n\t\t\t\t<div class=\"elementor-widget-container\">\n\t\t\t\t\t\t\t\t\t\t\t\t\t\t\t<img fetchpriority=\"high\" decoding=\"async\" width=\"805\" height=\"871\" src=\"https:\/\/useplenitude.com.br\/wp-content\/uploads\/2025\/06\/501570905_18011197826749684_5629157134689399508_n.jpg\" class=\"attachment-full size-full wp-image-1293\" alt=\"\" srcset=\"https:\/\/useplenitude.com.br\/wp-content\/uploads\/2025\/06\/501570905_18011197826749684_5629157134689399508_n.jpg 805w, https:\/\/useplenitude.com.br\/wp-content\/uploads\/2025\/06\/501570905_18011197826749684_5629157134689399508_n-277x300.jpg 277w, https:\/\/useplenitude.com.br\/wp-content\/uploads\/2025\/06\/501570905_18011197826749684_5629157134689399508_n-768x831.jpg 768w\" sizes=\"(max-width: 805px) 100vw, 805px\" \/>\t\t\t\t\t\t\t\t\t\t\t\t\t\t\t<\/div>\n\t\t\t\t<\/div>\n\t\t\t\t<\/div>\n\t\t<div data-particle_enable=\"false\" data-particle-mobile-disabled=\"false\" class=\"elementor-element elementor-element-7a28077 e-con-full e-flex kitify-col-width-auto-no ignore-docs-style-no kitify-disable-relative-no wpr-particle-no wpr-jarallax-no wpr-parallax-no wpr-sticky-section-no elementor-invisible kitify-has-entrance-animation e-con e-child\" data-id=\"7a28077\" data-element_type=\"container\" data-e-type=\"container\" data-settings=\"{&quot;animation&quot;:&quot;kitifyShortFadeInUp&quot;,&quot;animation_delay&quot;:500}\">\n\t\t\t\t<div class=\"elementor-element elementor-element-a21151f elementor-widget elementor-widget-heading\" data-id=\"a21151f\" data-element_type=\"widget\" data-e-type=\"widget\" data-widget_type=\"heading.default\">\n\t\t\t\t<div class=\"elementor-widget-container\">\n\t\t\t\t\t<span class=\"elementor-heading-title elementor-size-default\">SOBRE N\u00d3S<\/span>\t\t\t\t<\/div>\n\t\t\t\t<\/div>\n\t\t\t\t<div class=\"elementor-element elementor-element-aad48ee elementor-widget elementor-widget-heading\" data-id=\"aad48ee\" data-element_type=\"widget\" data-e-type=\"widget\" data-widget_type=\"heading.default\">\n\t\t\t\t<div class=\"elementor-widget-container\">\n\t\t\t\t\t<h2 class=\"elementor-heading-title elementor-size-default\">MERGULHE NA ELEG\u00c2NCIA, DESCUBRA SEU ESTILO COM A PLENITUDE.<\/h2>\t\t\t\t<\/div>\n\t\t\t\t<\/div>\n\t\t\t\t<div class=\"elementor-element elementor-element-a494a75 elementor-widget elementor-widget-text-editor\" data-id=\"a494a75\" data-element_type=\"widget\" data-e-type=\"widget\" data-widget_type=\"text-editor.default\">\n\t\t\t\t<div class=\"elementor-widget-container\">\n\t\t\t\t\t\t\t\t\t<p data-start=\"249\" data-end=\"510\">Bem-vindo \u00e0 <strong data-start=\"261\" data-end=\"274\">Plenitudo<\/strong>, a alfaiataria que nasceu em 2024 no cora\u00e7\u00e3o de <strong data-start=\"323\" data-end=\"349\">Francisco Beltr\u00e3o &#8211; PR<\/strong>, idealizada pela estilista <strong data-start=\"377\" data-end=\"385\">Elis<\/strong>. Aqui, cada pe\u00e7a \u00e9 feita com prop\u00f3sito, carinho e aten\u00e7\u00e3o aos m\u00ednimos detalhes porque vestir bem \u00e9 uma forma de express\u00e3o.<\/p><p data-start=\"512\" data-end=\"652\">Combinamos o cl\u00e1ssico da alfaiataria com um toque moderno e autoral, criando roupas que refletem personalidade, confian\u00e7a e autenticidade.<\/p><p data-start=\"654\" data-end=\"716\">Nossa miss\u00e3o? Fazer voc\u00ea se sentir impec\u00e1vel, todos os dias.<\/p>\t\t\t\t\t\t\t\t<\/div>\n\t\t\t\t<\/div>\n\t\t\t\t<div class=\"elementor-element elementor-element-86815f1 elementor-mobile-align-center elementor-widget kitify elementor-kitify-button\" data-id=\"86815f1\" data-element_type=\"widget\" data-e-type=\"widget\" data-widget_type=\"kitify-button.default\">\n\t\t\t\t<div class=\"elementor-widget-container\">\n\t\t\t\t\t        <div class=\"elementor-button-wrapper\">\r\n            <a href=\"\/about-us\" class=\"elementor-button-link elementor-button elementor-btn-align-icon- elementor-size-md\" role=\"button\">\r\n                        <span class=\"elementor-button-content-wrapper\">\r\n\t\t\t\t\t\t<span class=\"elementor-button-text\">DESCOBRIR AGORA<\/span>\r\n\t\t<\/span>\r\n                    <\/a>\r\n        <\/div>\r\n        \t\t\t\t<\/div>\n\t\t\t\t<\/div>\n\t\t\t\t<\/div>\n\t\t\t\t\t<\/div>\n\t\t\t\t<\/div>\n\t\t<div data-particle_enable=\"false\" data-particle-mobile-disabled=\"false\" class=\"elementor-element elementor-element-8ae17a6 e-flex e-con-boxed kitify-col-width-auto-no ignore-docs-style-no kitify-disable-relative-no wpr-particle-no wpr-jarallax-no wpr-parallax-no wpr-sticky-section-no e-root-container elementor-top-section e-con e-parent\" data-id=\"8ae17a6\" data-element_type=\"container\" data-e-type=\"container\">\n\t\t\t\t\t<div class=\"e-con-inner\">\n\t\t\t\t<div class=\"elementor-element elementor-element-7b88824 mbtabcontrolisselect-yes mttabcontrolisselect-false kitify_tab-full-no elementor-invisible kitify-has-entrance-animation elementor-widget kitify elementor-kitify-tabs\" data-id=\"7b88824\" data-element_type=\"widget\" data-e-type=\"widget\" data-settings=\"{&quot;_animation&quot;:&quot;kitifyShortFadeInUp&quot;}\" data-widget_type=\"kitify-tabs.default\">\n\t\t\t\t<div class=\"elementor-widget-container\">\n\t\t\t\t\t        <div class=\"kitify-tabs kitify-tabs-style-default kitify-tabs-position-top kitify-tabs-move-up-effect\" data-settings=\"{&quot;activeIndex&quot;:0,&quot;event&quot;:&quot;click&quot;,&quot;autoSwitch&quot;:false,&quot;autoSwitchDelay&quot;:3000}\">\r\n            <div class=\"kitify-tabs__control-wrapper\">\r\n                <div id=\"kitify-tabs-control-1291\" class=\"kitify-tabs__control kitify-tabs__control-icon-left active-tab\" data-tab=\"1\" tabindex=\"1291\"><div class=\"kitify-tabs__control-inner\"><div class=\"kitify-tabs__label\"><div class=\"kitify-tabs__label-text\">Nossa Hist\u00f3ria<\/div><\/div><\/div><\/div><div id=\"kitify-tabs-control-1292\" class=\"kitify-tabs__control kitify-tabs__control-icon-left \" data-tab=\"2\" tabindex=\"1292\"><div class=\"kitify-tabs__control-inner\"><div class=\"kitify-tabs__label\"><div class=\"kitify-tabs__label-text\">Nossa Miss\u00e3o<\/div><\/div><\/div><\/div><div class=\"kitify-tabs__control-wrapper-mobile\"><a href=\"#\" rel=\"nofollow\" target=\"_self\"><\/a><\/div>            <\/div>\r\n                        <div class=\"kitify-tabs__content-wrapper\">\r\n                <div id=\"kitify-tabs-content-1291\" class=\"kitify-tabs__content active-content\" data-tab=\"1\"><p>A <strong data-start=\"215\" data-end=\"228\">Plenitude<\/strong> nasceu em 2024 com um prop\u00f3sito simples e poderoso: resgatar a eleg\u00e2ncia da alfaiataria em um mundo cada vez mais apressado.Fundada por <strong data-start=\"367\" data-end=\"375\">Elis<\/strong>, uma mulher apaixonada por moda, detalhes e autenticidade, a loja come\u00e7ou em uma pequena sala no bairro Presidente Kennedy, em <strong data-start=\"503\" data-end=\"529\">Francisco Beltr\u00e3o &#8211; PR<\/strong>, com o sonho de transformar roupas em experi\u00eancias.Desde o primeiro corte de tecido at\u00e9 a finaliza\u00e7\u00e3o de cada look, tudo aqui \u00e9 feito com cuidado, prop\u00f3sito e paix\u00e3o. Acreditamos que <strong data-start=\"717\" data-end=\"768\">vestir-se bem \u00e9 um ato de presen\u00e7a e autoestima<\/strong> \u2014 e cada cliente merece se sentir \u00fanico.Com uma curadoria pensada para quem busca sofistica\u00e7\u00e3o, conforto e estilo, a Plenitude se tornou um espa\u00e7o onde a moda vai al\u00e9m da tend\u00eancia: ela expressa quem voc\u00ea \u00e9.<\/p><\/div><div id=\"kitify-tabs-content-1292\" class=\"kitify-tabs__content \" data-tab=\"2\"><p data-start=\"246\" data-end=\"346\">Nossa miss\u00e3o \u00e9 oferecer roupas de alfaiataria que traduzem personalidade, eleg\u00e2ncia e autenticidade.Queremos que cada cliente da <strong data-start=\"377\" data-end=\"390\">Plenitude<\/strong> se sinta confiante, \u00fanico e pronto para viver com estilo. Criamos pe\u00e7as que unem o cl\u00e1ssico ao contempor\u00e2neo, com qualidade, conforto e aten\u00e7\u00e3o aos detalhes.<\/p><p data-start=\"550\" data-end=\"614\">Mais do que vestir, <strong data-start=\"570\" data-end=\"614\">n\u00f3s empoderamos pessoas atrav\u00e9s da moda.<\/strong><\/p><\/div>            <\/div>\r\n        <\/div>\r\n        \t\t\t\t<\/div>\n\t\t\t\t<\/div>\n\t\t\t\t\t<\/div>\n\t\t\t\t<\/div>\n\t\t<div data-particle_enable=\"false\" data-particle-mobile-disabled=\"false\" class=\"elementor-element elementor-element-24ee64e e-con-full e-flex kitify-col-width-auto-no ignore-docs-style-no kitify-disable-relative-no wpr-particle-no wpr-jarallax-no wpr-parallax-no wpr-sticky-section-no e-root-container elementor-top-section e-con e-parent\" data-id=\"24ee64e\" data-element_type=\"container\" data-e-type=\"container\">\n\t\t\t\t<div class=\"elementor-element elementor-element-568c75a elementor-widget-divider--separator-type-pattern elementor-widget-divider--view-line elementor-widget elementor-widget-divider\" data-id=\"568c75a\" data-element_type=\"widget\" data-e-type=\"widget\" data-widget_type=\"divider.default\">\n\t\t\t\t<div class=\"elementor-widget-container\">\n\t\t\t\t\t\t\t<div class=\"elementor-divider\" style=\"--divider-pattern-url: url(&quot;data:image\/svg+xml,%3Csvg xmlns=&#039;http:\/\/www.w3.org\/2000\/svg&#039; preserveAspectRatio=&#039;xMidYMid meet&#039; overflow=&#039;visible&#039; height=&#039;100%&#039; viewBox=&#039;0 0 24 24&#039; fill=&#039;black&#039; stroke=&#039;none&#039;%3E%3Cpath d=&#039;M21.4,9.6h-7.1V2.6c0-0.9-0.7-1.6-1.6-1.6h-1.6c-0.9,0-1.6,0.7-1.6,1.6v7.1H2.6C1.7,9.6,1,10.3,1,11.2v1.6c0,0.9,0.7,1.6,1.6,1.6h7.1v7.1c0,0.9,0.7,1.6,1.6,1.6h1.6c0.9,0,1.6-0.7,1.6-1.6v-7.1h7.1c0.9,0,1.6-0.7,1.6-1.6v-1.6C23,10.3,22.3,9.6,21.4,9.6z&#039;\/%3E%3C\/svg%3E&quot;);\">\n\t\t\t<span class=\"elementor-divider-separator\">\n\t\t\t\t\t\t<\/span>\n\t\t<\/div>\n\t\t\t\t\t\t<\/div>\n\t\t\t\t<\/div>\n\t\t\t\t<\/div>\n\t\t\t\t<\/div>\n\t\t","protected":false},"excerpt":{"rendered":"<p>SOBRE N\u00d3S MERGULHE NA ELEG\u00c2NCIA, DESCUBRA SEU ESTILO COM A PLENITUDE. Bem-vindo \u00e0 Plenitudo, a alfaiataria que nasceu em 2024 no cora\u00e7\u00e3o de Francisco Beltr\u00e3o &#8211; PR, idealizada pela estilista Elis. Aqui, cada pe\u00e7a \u00e9 feita com prop\u00f3sito, carinho e aten\u00e7\u00e3o aos m\u00ednimos detalhes porque vestir bem \u00e9 uma forma de express\u00e3o. Combinamos o cl\u00e1ssico da alfaiataria com um toque\u2026<\/p>\n","protected":false},"author":1,"featured_media":0,"parent":0,"menu_order":0,"comment_status":"closed","ping_status":"closed","template":"","meta":{"footnotes":""},"class_list":["post-15","page","type-page","status-publish","hentry"],"_hostinger_reach_plugin_has_subscription_block":false,"_hostinger_reach_plugin_is_elementor":false,"_links":{"self":[{"href":"https:\/\/useplenitude.com.br\/home\/wp-json\/wp\/v2\/pages\/15","targetHints":{"allow":["GET"]}}],"collection":[{"href":"https:\/\/useplenitude.com.br\/home\/wp-json\/wp\/v2\/pages"}],"about":[{"href":"https:\/\/useplenitude.com.br\/home\/wp-json\/wp\/v2\/types\/page"}],"author":[{"embeddable":true,"href":"https:\/\/useplenitude.com.br\/home\/wp-json\/wp\/v2\/users\/1"}],"replies":[{"embeddable":true,"href":"https:\/\/useplenitude.com.br\/home\/wp-json\/wp\/v2\/comments?post=15"}],"version-history":[{"count":9,"href":"https:\/\/useplenitude.com.br\/home\/wp-json\/wp\/v2\/pages\/15\/revisions"}],"predecessor-version":[{"id":1543,"href":"https:\/\/useplenitude.com.br\/home\/wp-json\/wp\/v2\/pages\/15\/revisions\/1543"}],"wp:attachment":[{"href":"https:\/\/useplenitude.com.br\/home\/wp-json\/wp\/v2\/media?parent=15"}],"curies":[{"name":"wp","href":"https:\/\/api.w.org\/{rel}","templated":true}]}}